{"id":161,"date":"2019-01-09T16:06:19","date_gmt":"2019-01-09T16:06:19","guid":{"rendered":"https:\/\/www.countingpips.com\/lang\/?page_id=161"},"modified":"2022-09-09T16:40:19","modified_gmt":"2022-09-09T16:40:19","slug":"es","status":"publish","type":"page","link":"https:\/\/investmacro.com\/lang\/es\/","title":{"rendered":"ES &#8211; Espa\u00f1ol (Inversiones y noticias del mercado financiero)"},"content":{"rendered":"\n<hr style=\"border: 2px solid #000;\" \/>\n\n<div id=\"Focus-Category-Tag\"><ul class=\"display-posts-listing\"><li class=\"listing-item\"><a class=\"title\" href=\"https:\/\/investmacro.com\/lang\/es\/2022\/09\/guia-de-trading-de-regresion-lineal-4-estrategias-de-trading\/\">Gu\u00eda de trading de regresi\u00f3n lineal: 4 estrategias de trading<\/a> <span class=\"date\">Sep 15, 2022<\/span> <span class=\"excerpt-dash\">-<\/span> <span class=\"excerpt\">Hay muchos tipos diferentes de herramientas de canalizaci\u00f3n que se pueden utilizar para operar en los mercados. Uno de los tipos m\u00e1s efectivos de t\u00e9cnicas de canalizaci\u00f3n implica la utilizaci\u00f3n&hellip; <span class=\"excerpt-more\">...<\/span><\/span><\/li><li class=\"listing-item\"><a class=\"title\" href=\"https:\/\/investmacro.com\/lang\/es\/2022\/08\/que-son-los-retrocesos-de-fibonacci-como-pueden-los-operadores-utilizarlos-para-el-comercio-de-tendencias\/\">\u00bfQu\u00e9 son los retrocesos de Fibonacci? \u00bfC\u00f3mo pueden los operadores utilizarlos para el comercio de tendencias?<\/a> <span class=\"date\">Aug 19, 2022<\/span> <span class=\"excerpt-dash\">-<\/span> <span class=\"excerpt\">Los retrocesos de Fibonacci son una t\u00e9cnica de an\u00e1lisis t\u00e9cnico com\u00fan en el comercio financiero basada en una famosa secuencia matem\u00e1tica. En este art\u00edculo, tocamos lo que son los retrocesos&hellip; <span class=\"excerpt-more\">...<\/span><\/span><\/li><li class=\"listing-item\"><a class=\"title\" href=\"https:\/\/investmacro.com\/lang\/es\/2020\/06\/dolar-australiano-avanzado-hoy-por-el-207-por-ciento\/\">D\u00f3lar australiano avanzado hoy por el 2,07 por ciento<\/a> <span class=\"date\">Jun 2, 2020<\/span> <span class=\"excerpt-dash\">-<\/span> <span class=\"excerpt\">D\u00f3lar Australiano Cierre Diario: Actualizado a trav\u00e9s de 01 de junio de 2020 El D\u00f3lar Australiano Futuros (Frontal Mes) termin\u00f3 la Am\u00e9rica del Norte de la sesi\u00f3n de hoy con&hellip; <span class=\"excerpt-more\">...<\/span><\/span><\/li><li class=\"listing-item\"><a class=\"title\" href=\"https:\/\/investmacro.com\/lang\/es\/2020\/06\/libra-esterlina-fue-mayor-el-dia-de-hoy-en-un-138-por-ciento\/\">Libra esterlina fue mayor el d\u00eda de hoy en un 1,38 por ciento<\/a> <span class=\"date\">Jun 2, 2020<\/span> <span class=\"excerpt-dash\">-<\/span> <span class=\"excerpt\">Libra esterlina Cierre Diario: Actualizado a trav\u00e9s de 01 de junio de 2020 La Libra Brit\u00e1nica de Futuros (Frontal Mes) termin\u00f3 la Am\u00e9rica del Norte de la sesi\u00f3n de hoy&hellip; <span class=\"excerpt-more\">...<\/span><\/span><\/li><li class=\"listing-item\"><a class=\"title\" href=\"https:\/\/investmacro.com\/lang\/es\/2020\/06\/brasil-real-disminucion-de-hoy-por-0-06-por-ciento\/\">Brasil Real disminuci\u00f3n de hoy por -0.06 por ciento<\/a> <span class=\"date\">Jun 2, 2020<\/span> <span class=\"excerpt-dash\">-<\/span> <span class=\"excerpt\">Brasil Real Cierre Diario: Actualizado a trav\u00e9s de 22 de Mayo de 2020 El Brasil Real de Futuros (Frontal Mes) termin\u00f3 la Am\u00e9rica del Norte de la sesi\u00f3n de hoy&hellip; <span class=\"excerpt-more\">...<\/span><\/span><\/li><li class=\"listing-item\"><a class=\"title\" href=\"https:\/\/investmacro.com\/lang\/es\/2020\/06\/brent-de-petroleo-fue-mayor-el-dia-de-hoy-por-el-127-por-ciento\/\">Brent de Petr\u00f3leo fue mayor el d\u00eda de hoy por el 1,27 por ciento<\/a> <span class=\"date\">Jun 2, 2020<\/span> <span class=\"excerpt-dash\">-<\/span> <span class=\"excerpt\">Petr\u00f3leo Brent Cierre Diario: Actualizado a trav\u00e9s de 01 de junio de 2020 precio Del Crudo Brent \u00daltimo D\u00eda terminado de Am\u00e9rica del Norte de la sesi\u00f3n de hoy con&hellip; <span class=\"excerpt-more\">...<\/span><\/span><\/li><li class=\"listing-item\"><a class=\"title\" href=\"https:\/\/investmacro.com\/lang\/es\/2020\/06\/los-futuros-de-maiz-bajo-hoy-por-0-44-por-ciento\/\">Los Futuros de ma\u00edz baj\u00f3 hoy por -0.44 por ciento<\/a> <span class=\"date\">Jun 2, 2020<\/span> <span class=\"excerpt-dash\">-<\/span> <span class=\"excerpt\">los Futuros de Ma\u00edz de Cierre Diario: Actualizado a trav\u00e9s de 29 de Mayo de 2020 El Ma\u00edz CBOT Futuros terminado de Am\u00e9rica del Norte de la sesi\u00f3n de hoy&hellip; <span class=\"excerpt-more\">...<\/span><\/span><\/li><li class=\"listing-item\"><a class=\"title\" href=\"https:\/\/investmacro.com\/lang\/es\/2020\/06\/dolar-canadiense-obtenido-el-dia-de-hoy-por-150-por-ciento\/\">D\u00f3lar canadiense obtenido el d\u00eda de hoy por 1,50 por ciento<\/a> <span class=\"date\">Jun 2, 2020<\/span> <span class=\"excerpt-dash\">-<\/span> <span class=\"excerpt\">D\u00f3lar Canadiense Cierre Diario: Actualizado a trav\u00e9s de 01 de junio de 2020 El D\u00f3lar Canadiense Futuros (Frontal Mes) termin\u00f3 la Am\u00e9rica del Norte de la sesi\u00f3n de hoy con&hellip; <span class=\"excerpt-more\">...<\/span><\/span><\/li><li class=\"listing-item\"><a class=\"title\" href=\"https:\/\/investmacro.com\/lang\/es\/2020\/06\/el-crudo-wti-se-impulso-el-dia-de-hoy-por-el-028-por-ciento\/\">El Crudo WTI se impuls\u00f3 el d\u00eda de hoy por el 0,28 por ciento<\/a> <span class=\"date\">Jun 2, 2020<\/span> <span class=\"excerpt-dash\">-<\/span> <span class=\"excerpt\">el Petr\u00f3leo Crudo WTI Cierre Diario: Actualizado a trav\u00e9s de 01 de junio de 2020 El Crudo WTI de Futuros del Petr\u00f3leo (Frontal Mes) termin\u00f3 la Am\u00e9rica del Norte de&hellip; <span class=\"excerpt-more\">...<\/span><\/span><\/li><li class=\"listing-item\"><a class=\"title\" href=\"https:\/\/investmacro.com\/lang\/es\/2020\/06\/dowjones-consolidado-gano-hoy-por-un-038-por-ciento\/\">DowJones Consolidado gan\u00f3 hoy por un 0,38 por ciento<\/a> <span class=\"date\">Jun 2, 2020<\/span> <span class=\"excerpt-dash\">-<\/span> <span class=\"excerpt\">DowJones Consolidado Cierre Diario: Actualizado a trav\u00e9s de 01 de junio de 2020 El DowJones Promedio Industrial terminado de Am\u00e9rica del Norte de la sesi\u00f3n de hoy con un incremento&hellip; <span class=\"excerpt-more\">...<\/span><\/span><\/li><li class=\"listing-item\"><a class=\"title\" href=\"https:\/\/investmacro.com\/lang\/es\/2020\/06\/indice-dolar-de-ee-uu-cayo-hoy-por-0-53-por-ciento\/\">\u00cdndice D\u00f3lar de EE.UU. cay\u00f3 hoy por -0.53 por ciento<\/a> <span class=\"date\">Jun 2, 2020<\/span> <span class=\"excerpt-dash\">-<\/span> <span class=\"excerpt\">\u00cdndice D\u00f3lar de EE.UU. Cierre Diario: Actualizado a trav\u00e9s de 01 de junio de 2020 El USD Index Futures (Frontal Mes) termin\u00f3 la Am\u00e9rica del Norte de la sesi\u00f3n de&hellip; <span class=\"excerpt-more\">...<\/span><\/span><\/li><li class=\"listing-item\"><a class=\"title\" href=\"https:\/\/investmacro.com\/lang\/es\/2020\/06\/euro-fue-mayor-el-dia-de-hoy-por-el-031-por-ciento\/\">Euro fue mayor el d\u00eda de hoy por el 0,31 por ciento<\/a> <span class=\"date\">Jun 2, 2020<\/span> <span class=\"excerpt-dash\">-<\/span> <span class=\"excerpt\">Euro Diario Cerca de: Actualizado a trav\u00e9s de 01 de junio de 2020 El futuro del Euro (Frente al Mes) terminado el Norte Americana de la sesi\u00f3n de hoy con&hellip; <span class=\"excerpt-more\">...<\/span><\/span><\/li><li class=\"listing-item\"><a class=\"title\" href=\"https:\/\/investmacro.com\/lang\/es\/2020\/06\/eurodolar-gano-hoy-por-el-0-01-por-ciento\/\">Eurod\u00f3lar gan\u00f3 hoy por el 0.01 por ciento<\/a> <span class=\"date\">Jun 2, 2020<\/span> <span class=\"excerpt-dash\">-<\/span> <span class=\"excerpt\">Eurod\u00f3lar Cierre Diario: Actualizado a trav\u00e9s de 01 de junio de 2020 Los Futuros de Eurod\u00f3lares terminado de Am\u00e9rica del Norte de la sesi\u00f3n de hoy con un ascensor de&hellip; <span class=\"excerpt-more\">...<\/span><\/span><\/li><li class=\"listing-item\"><a class=\"title\" href=\"https:\/\/investmacro.com\/lang\/es\/2020\/06\/sp500-mini-aumento-hoy-por-el-039-por-ciento\/\">S&#038;P500 Mini aument\u00f3 hoy por el 0,39 por ciento<\/a> <span class=\"date\">Jun 2, 2020<\/span> <span class=\"excerpt-dash\">-<\/span> <span class=\"excerpt\">S&P500 Mini Cierre Diario: Actualizado a trav\u00e9s de 01 de junio de 2020 El S&P500 Futuros del Mini (Frontal Mes) termin\u00f3 la Am\u00e9rica del Norte de la sesi\u00f3n de hoy&hellip; <span class=\"excerpt-more\">...<\/span><\/span><\/li><li class=\"listing-item\"><a class=\"title\" href=\"https:\/\/investmacro.com\/lang\/es\/2020\/06\/de-los-fondos-del-fed-se-impulso-el-dia-de-hoy-por-el-001-por-ciento\/\">De los Fondos del Fed se impuls\u00f3 el d\u00eda de hoy por el 0,01 por ciento<\/a> <span class=\"date\">Jun 2, 2020<\/span> <span class=\"excerpt-dash\">-<\/span> <span class=\"excerpt\">Fondos del Fed Cierre Diario: Actualizado a trav\u00e9s de 29 de Mayo de 2020 La Fed de Fondos Futuros terminado de Am\u00e9rica del Norte de la sesi\u00f3n de hoy con&hellip; <span class=\"excerpt-more\">...<\/span><\/span><\/li><li class=\"listing-item\"><a class=\"title\" href=\"https:\/\/investmacro.com\/lang\/es\/2020\/06\/de-5-anos-de-bonos-obtenido-el-dia-de-hoy-por-el-018-por-ciento-2\/\">De 5 A\u00f1os de Bonos obtenido el d\u00eda de hoy por el 0,18 por ciento<\/a> <span class=\"date\">Jun 2, 2020<\/span> <span class=\"excerpt-dash\">-<\/span> <span class=\"excerpt\">de 5 A\u00f1os de Bonos Cierre Diario: Actualizado a trav\u00e9s de 29 de Mayo de 2020 de 5 A\u00f1os Futuros (Frontal Mes) termin\u00f3 la Am\u00e9rica del Norte de la sesi\u00f3n&hellip; <span class=\"excerpt-more\">...<\/span><\/span><\/li><li class=\"listing-item\"><a class=\"title\" href=\"https:\/\/investmacro.com\/lang\/es\/2020\/06\/oro-ganado-hoy-por-0-80-por-ciento\/\">Oro ganado hoy por 0.80 por ciento<\/a> <span class=\"date\">Jun 2, 2020<\/span> <span class=\"excerpt-dash\">-<\/span> <span class=\"excerpt\">monedas de Oro Cierre Diario: Actualizado a trav\u00e9s de 01 de junio de 2020 Los Futuros de Oro (Frente al Mes) terminado el Norte Americana de la sesi\u00f3n de hoy&hellip; <span class=\"excerpt-more\">...<\/span><\/span><\/li><li class=\"listing-item\"><a class=\"title\" href=\"https:\/\/investmacro.com\/lang\/es\/2020\/06\/cobre-aumentaron-hoy-por-175-por-ciento\/\">Cobre aumentaron hoy por 1,75 por ciento<\/a> <span class=\"date\">Jun 2, 2020<\/span> <span class=\"excerpt-dash\">-<\/span> <span class=\"excerpt\">de Cobre Cierre Diario: Actualizado a trav\u00e9s de 01 de junio de 2020 El de Futuros de Cobre (Frontal Mes) termin\u00f3 la Am\u00e9rica del Norte de la sesi\u00f3n de hoy&hellip; <span class=\"excerpt-more\">...<\/span><\/span><\/li><li class=\"listing-item\"><a class=\"title\" href=\"https:\/\/investmacro.com\/lang\/es\/2020\/06\/aceite-de-calefaccion-avanzada-hoy-por-el-006-por-ciento\/\">Aceite de calefacci\u00f3n avanzada hoy por el 0,06 por ciento<\/a> <span class=\"date\">Jun 2, 2020<\/span> <span class=\"excerpt-dash\">-<\/span> <span class=\"excerpt\">el Aceite de Calefacci\u00f3n Cierre Diario: Actualizado a trav\u00e9s de 01 de junio de 2020 El Aceite de Calefacci\u00f3n del PUERTO de nueva york Futuros terminado de Am\u00e9rica del Norte&hellip; <span class=\"excerpt-more\">...<\/span><\/span><\/li><li class=\"listing-item\"><a class=\"title\" href=\"https:\/\/investmacro.com\/lang\/es\/2020\/06\/el-yen-japones-se-impulso-hoy-un-019-por-ciento\/\">El Yen japon\u00e9s se impuls\u00f3 hoy un 0,19 por ciento<\/a> <span class=\"date\">Jun 2, 2020<\/span> <span class=\"excerpt-dash\">-<\/span> <span class=\"excerpt\">Yen Japon\u00e9s Cierre Diario: Actualizado a trav\u00e9s de 01 de junio de 2020 El Yen Japon\u00e9s Futuros (Frontal Mes) termin\u00f3 la Am\u00e9rica del Norte de la sesi\u00f3n de hoy con&hellip; <span class=\"excerpt-more\">...<\/span><\/span><\/li><li class=\"listing-item\"><a class=\"title\" href=\"https:\/\/investmacro.com\/lang\/es\/2020\/06\/futuros-de-cafe-avanzado-hoy-por-1-80-por-ciento\/\">Futuros de caf\u00e9 avanzado hoy por 1.80 por ciento<\/a> <span class=\"date\">Jun 2, 2020<\/span> <span class=\"excerpt-dash\">-<\/span> <span class=\"excerpt\">Futuros de Caf\u00e9 Diariamente Cerca de: Actualizado a trav\u00e9s de 01 de junio de 2020 El Caf\u00e9 Ice Futures terminado de Am\u00e9rica del Norte de la sesi\u00f3n de hoy con&hellip; <span class=\"excerpt-more\">...<\/span><\/span><\/li><li class=\"listing-item\"><a class=\"title\" href=\"https:\/\/investmacro.com\/lang\/es\/2020\/06\/peso-mexicano-fue-mayor-el-dia-de-hoy-por-el-078-por-ciento\/\">Peso mexicano fue mayor el d\u00eda de hoy por el 0,78 por ciento<\/a> <span class=\"date\">Jun 2, 2020<\/span> <span class=\"excerpt-dash\">-<\/span> <span class=\"excerpt\">Peso Mexicano Cierre Diario: Actualizado a trav\u00e9s de 22 de Mayo de 2020 El Peso Mexicano Futuros (Frontal Mes) termin\u00f3 la Am\u00e9rica del Norte de la sesi\u00f3n de hoy con&hellip; <span class=\"excerpt-more\">...<\/span><\/span><\/li><li class=\"listing-item\"><a class=\"title\" href=\"https:\/\/investmacro.com\/lang\/es\/2020\/06\/dolar-de-nueva-zelanda-se-deslizo-hoy-por-0-52-por-ciento\/\">D\u00f3lar de nueva Zelanda se desliz\u00f3 hoy por -0.52 por ciento<\/a> <span class=\"date\">Jun 2, 2020<\/span> <span class=\"excerpt-dash\">-<\/span> <span class=\"excerpt\">D\u00f3lar de Nueva Zelanda Cierre Diario: Actualizado a trav\u00e9s de 22 de Mayo de 2020 El D\u00f3lar de Nueva Zelanda Futuros (Frontal Mes) termin\u00f3 la Am\u00e9rica del Norte de la&hellip; <span class=\"excerpt-more\">...<\/span><\/span><\/li><li class=\"listing-item\"><a class=\"title\" href=\"https:\/\/investmacro.com\/lang\/es\/2020\/06\/el-gas-natural-disminuyo-de-hoy-por-3-73-por-ciento\/\">El Gas Natural disminuy\u00f3 de hoy por -3.73 por ciento<\/a> <span class=\"date\">Jun 2, 2020<\/span> <span class=\"excerpt-dash\">-<\/span> <span class=\"excerpt\">Gas Natural Cierre Diario: Actualizado a trav\u00e9s de 01 de junio de 2020 El Gas Natural de Futuros (Frontal Mes) termin\u00f3 la Am\u00e9rica del Norte de la sesi\u00f3n de hoy&hellip; <span class=\"excerpt-more\">...<\/span><\/span><\/li><li class=\"listing-item\"><a class=\"title\" href=\"https:\/\/investmacro.com\/lang\/es\/2020\/06\/nikkei-225-yen-fue-mayor-el-dia-de-hoy-por-0-44-por-ciento\/\">Nikkei 225 Yen fue mayor el d\u00eda de hoy por 0.44 por ciento<\/a> <span class=\"date\">Jun 2, 2020<\/span> <span class=\"excerpt-dash\">-<\/span> <span class=\"excerpt\">Nikkei 225 Yen Cierre Diario: Actualizado a trav\u00e9s de 22 de Mayo de 2020 El Nikkei 225 Index terminado de Am\u00e9rica del Norte de la sesi\u00f3n de hoy con un&hellip; <span class=\"excerpt-more\">...<\/span><\/span><\/li><li class=\"listing-item\"><a class=\"title\" href=\"https:\/\/investmacro.com\/lang\/es\/2020\/06\/nikkei-225-fue-mayor-el-dia-de-hoy-por-0-44-por-ciento\/\">Nikkei 225 fue mayor el d\u00eda de hoy por 0.44 por ciento<\/a> <span class=\"date\">Jun 2, 2020<\/span> <span class=\"excerpt-dash\">-<\/span> <span class=\"excerpt\">Nikkei 225 Cierre Diario: Actualizado a trav\u00e9s de 22 de Mayo de 2020 El Nikkei 225 Index terminado de Am\u00e9rica del Norte de la sesi\u00f3n de hoy con un incremento&hellip; <span class=\"excerpt-more\">...<\/span><\/span><\/li><li class=\"listing-item\"><a class=\"title\" href=\"https:\/\/investmacro.com\/lang\/es\/2020\/06\/nasdaq-mini-impulso-el-dia-de-hoy-por-el-034-por-ciento\/\">Nasdaq Mini impuls\u00f3 el d\u00eda de hoy por el 0,34 por ciento<\/a> <span class=\"date\">Jun 2, 2020<\/span> <span class=\"excerpt-dash\">-<\/span> <span class=\"excerpt\">Nasdaq Mini Cierre Diario: Actualizado a trav\u00e9s de 01 de junio de 2020 El ONEQ ETF que sigue el precio del \u00cdndice Nasdaq, acabado de Am\u00e9rica del Norte de la&hellip; <span class=\"excerpt-more\">...<\/span><\/span><\/li><li class=\"listing-item\"><a class=\"title\" href=\"https:\/\/investmacro.com\/lang\/es\/2020\/06\/el-paladio-fue-mayor-el-dia-de-hoy-por-el-054-por-ciento\/\">El paladio fue mayor el d\u00eda de hoy por el 0,54 por ciento<\/a> <span class=\"date\">Jun 2, 2020<\/span> <span class=\"excerpt-dash\">-<\/span> <span class=\"excerpt\">Paladio Cierre Diario: Actualizado a trav\u00e9s de 01 de junio de 2020 El MANTO de la ETF, que sigue el precio del Paladio, acabado de Am\u00e9rica del Norte de la&hellip; <span class=\"excerpt-more\">...<\/span><\/span><\/li><li class=\"listing-item\"><a class=\"title\" href=\"https:\/\/investmacro.com\/lang\/es\/2020\/06\/platino-aumento-hoy-por-285-por-ciento\/\">Platino aument\u00f3 hoy por 2,85 por ciento<\/a> <span class=\"date\">Jun 2, 2020<\/span> <span class=\"excerpt-dash\">-<\/span> <span class=\"excerpt\">Platino Cierre Diario: Actualizado a trav\u00e9s de 01 de junio de 2020 El PPLT de la ETF, que rastrea el precio del Platino, acabado de Am\u00e9rica del Norte de la&hellip; <span class=\"excerpt-more\">...<\/span><\/span><\/li><li class=\"listing-item\"><a class=\"title\" href=\"https:\/\/investmacro.com\/lang\/es\/2020\/06\/la-gasolina-cayo-hoy-por-1-09-por-ciento\/\">La gasolina cay\u00f3 hoy por -1.09 por ciento<\/a> <span class=\"date\">Jun 2, 2020<\/span> <span class=\"excerpt-dash\">-<\/span> <span class=\"excerpt\">Gasolina Cierre Diario: Actualizado a trav\u00e9s de 01 de junio de 2020 La Gasolina Pesado terminado de Am\u00e9rica del Norte de la sesi\u00f3n de hoy con un descenso de -1.09%&hellip; <span class=\"excerpt-more\">...<\/span><\/span><\/li><\/ul><\/div>\n<div><\/div>\n<div id=\"HeaderLinks\"><a href=\"https:\/\/www.countingpips.com\/lang\/category\/es\/\">Archivo completo aqu\u00ed<\/a><\/div>\n","protected":false},"excerpt":{"rendered":"<p>Archivo completo aqu\u00ed<\/p>\n","protected":false},"author":2,"featured_media":0,"parent":0,"menu_order":0,"comment_status":"closed","ping_status":"closed","template":"template-fullwidth.php","meta":{"footnotes":""},"class_list":["post-161","page","type-page","status-publish","hentry"],"_links":{"self":[{"href":"https:\/\/investmacro.com\/lang\/wp-json\/wp\/v2\/pages\/161","targetHints":{"allow":["GET"]}}],"collection":[{"href":"https:\/\/investmacro.com\/lang\/wp-json\/wp\/v2\/pages"}],"about":[{"href":"https:\/\/investmacro.com\/lang\/wp-json\/wp\/v2\/types\/page"}],"author":[{"embeddable":true,"href":"https:\/\/investmacro.com\/lang\/wp-json\/wp\/v2\/users\/2"}],"replies":[{"embeddable":true,"href":"https:\/\/investmacro.com\/lang\/wp-json\/wp\/v2\/comments?post=161"}],"version-history":[{"count":4,"href":"https:\/\/investmacro.com\/lang\/wp-json\/wp\/v2\/pages\/161\/revisions"}],"predecessor-version":[{"id":169,"href":"https:\/\/investmacro.com\/lang\/wp-json\/wp\/v2\/pages\/161\/revisions\/169"}],"wp:attachment":[{"href":"https:\/\/investmacro.com\/lang\/wp-json\/wp\/v2\/media?parent=161"}],"curies":[{"name":"wp","href":"https:\/\/api.w.org\/{rel}","templated":true}]}}