{"id":12429,"date":"2022-09-09T16:43:24","date_gmt":"2022-09-09T16:43:24","guid":{"rendered":"https:\/\/investmacro.com\/lang\/?page_id=12429"},"modified":"2022-09-09T16:44:05","modified_gmt":"2022-09-09T16:44:05","slug":"fr","status":"publish","type":"page","link":"https:\/\/investmacro.com\/lang\/fr\/","title":{"rendered":"FR &#8211; Articles sur la finance et l&#8217;investissement en fran\u00e7ais"},"content":{"rendered":"<hr style=\"border: 2px solid #000;\" \/>\r\n<div id=\"Focus-Category-Tag\"><ul class=\"display-posts-listing\"><li class=\"listing-item\"><a class=\"title\" href=\"https:\/\/investmacro.com\/lang\/fr\/2022\/09\/guide-du-trading-de-regression-lineaire-4-strategies-de-trading\/\">Guide du trading de r\u00e9gression lin\u00e9aire : 4 strat\u00e9gies de trading<\/a> <span class=\"date\">Sep 15, 2022<\/span> <span class=\"excerpt-dash\">-<\/span> <span class=\"excerpt\">Il existe de nombreux types d'outils de channeling qui peuvent \u00eatre utilis\u00e9s pour n\u00e9gocier sur les march\u00e9s. L'un des types de techniques de channeling les plus efficaces consiste \u00e0 utiliser&hellip; <span class=\"excerpt-more\">...<\/span><\/span><\/li><li class=\"listing-item\"><a class=\"title\" href=\"https:\/\/investmacro.com\/lang\/fr\/2022\/09\/quest-ce-que-le-taux-de-financement-garanti-au-jour-le-jour-tsf\/\">Qu&#8217;est-ce que le taux de financement garanti au jour le jour (SOFR) ?<\/a> <span class=\"date\">Sep 9, 2022<\/span> <span class=\"excerpt-dash\">-<\/span> <span class=\"excerpt\">Le taux de financement s\u00e9curis\u00e9 au jour le jour, ou SOFR en abr\u00e9g\u00e9, est un taux d'int\u00e9r\u00eat de r\u00e9f\u00e9rence cr\u00e9\u00e9 par la R\u00e9serve f\u00e9d\u00e9rale am\u00e9ricaine. Le SOFR a \u00e9t\u00e9 r\u00e9cemment&hellip; <span class=\"excerpt-more\">...<\/span><\/span><\/li><\/ul><\/div>\r\n<div>\u00a0<\/div>\r\n<div id=\"HeaderLinks\"><a href=\"https:\/\/www.investmacro.com\/lang\/category\/fr\/\">archive compl\u00e8te en fran\u00e7ais<\/a><\/div>\r\n","protected":false},"excerpt":{"rendered":"<p>\u00a0 archive compl\u00e8te en fran\u00e7ais<\/p>\n","protected":false},"author":1,"featured_media":0,"parent":0,"menu_order":0,"comment_status":"closed","ping_status":"closed","template":"","meta":{"footnotes":""},"class_list":["post-12429","page","type-page","status-publish","hentry"],"_links":{"self":[{"href":"https:\/\/investmacro.com\/lang\/wp-json\/wp\/v2\/pages\/12429","targetHints":{"allow":["GET"]}}],"collection":[{"href":"https:\/\/investmacro.com\/lang\/wp-json\/wp\/v2\/pages"}],"about":[{"href":"https:\/\/investmacro.com\/lang\/wp-json\/wp\/v2\/types\/page"}],"author":[{"embeddable":true,"href":"https:\/\/investmacro.com\/lang\/wp-json\/wp\/v2\/users\/1"}],"replies":[{"embeddable":true,"href":"https:\/\/investmacro.com\/lang\/wp-json\/wp\/v2\/comments?post=12429"}],"version-history":[{"count":1,"href":"https:\/\/investmacro.com\/lang\/wp-json\/wp\/v2\/pages\/12429\/revisions"}],"predecessor-version":[{"id":12430,"href":"https:\/\/investmacro.com\/lang\/wp-json\/wp\/v2\/pages\/12429\/revisions\/12430"}],"wp:attachment":[{"href":"https:\/\/investmacro.com\/lang\/wp-json\/wp\/v2\/media?parent=12429"}],"curies":[{"name":"wp","href":"https:\/\/api.w.org\/{rel}","templated":true}]}}